{"id":2989,"date":"2024-07-11T19:01:15","date_gmt":"2024-07-11T19:01:15","guid":{"rendered":"https:\/\/tahailoft.cl\/politique-de-confidentialite-et-conditions-generales\/"},"modified":"2025-06-30T00:16:44","modified_gmt":"2025-06-30T00:16:44","slug":"politique-de-confidentialite-et-conditions-generales","status":"publish","type":"page","link":"https:\/\/tahailoft.cl\/fr\/politique-de-confidentialite-et-conditions-generales\/","title":{"rendered":"Politique de confidentialit\u00e9 et conditions g\u00e9n\u00e9rales"},"content":{"rendered":"\t\t<div data-elementor-type=\"wp-page\" data-elementor-id=\"2989\" class=\"elementor elementor-2989 elementor-1229\" data-elementor-post-type=\"page\">\n\t\t\t\t\t\t<section class=\"elementor-section elementor-top-section elementor-element elementor-element-534fe67 elementor-section-content-middle elementor-section-full_width elementor-section-height-min-height elementor-section-height-default elementor-section-items-middle\" data-id=\"534fe67\" data-element_type=\"section\" data-e-type=\"section\" data-settings=\"{&quot;background_background&quot;:&quot;classic&quot;}\">\n\t\t\t\t\t\t\t<div class=\"elementor-background-overlay\"><\/div>\n\t\t\t\t\t\t\t<div class=\"elementor-container elementor-column-gap-no\">\n\t\t\t\t\t<div class=\"elementor-column elementor-col-50 elementor-top-column elementor-element elementor-element-c35ab2e\" data-id=\"c35ab2e\" data-element_type=\"column\" data-e-type=\"column\">\n\t\t\t<div class=\"elementor-widget-wrap\">\n\t\t\t\t\t\t\t<\/div>\n\t\t<\/div>\n\t\t\t\t<div class=\"elementor-column elementor-col-50 elementor-top-column elementor-element elementor-element-21b7ef6\" data-id=\"21b7ef6\" data-element_type=\"column\" data-e-type=\"column\">\n\t\t\t<div class=\"elementor-widget-wrap\">\n\t\t\t\t\t\t\t<\/div>\n\t\t<\/div>\n\t\t\t\t\t<\/div>\n\t\t<\/section>\n\t\t<div class=\"elementor-element elementor-element-543df40 e-flex e-con-boxed e-con e-parent\" data-id=\"543df40\" data-element_type=\"container\" data-e-type=\"container\">\n\t\t\t\t\t<div class=\"e-con-inner\">\n\t\t\t\t<div class=\"elementor-element elementor-element-891d91c elementor-widget elementor-widget-heading\" data-id=\"891d91c\" data-element_type=\"widget\" data-e-type=\"widget\" data-widget_type=\"heading.default\">\n\t\t\t\t<div class=\"elementor-widget-container\">\n\t\t\t\t\t<h1 class=\"elementor-heading-title elementor-size-default\">Politique de protection des donn\u00e9es<\/h1>\t\t\t\t<\/div>\n\t\t\t\t<\/div>\n\t\t\t\t\t<\/div>\n\t\t\t\t<\/div>\n\t\t<div class=\"elementor-element elementor-element-90b496e e-flex e-con-boxed e-con e-parent\" data-id=\"90b496e\" data-element_type=\"container\" data-e-type=\"container\">\n\t\t\t\t\t<div class=\"e-con-inner\">\n\t\t\t\t<div class=\"elementor-element elementor-element-10a470d elementor-widget__width-initial elementor-widget elementor-widget-text-editor\" data-id=\"10a470d\" data-element_type=\"widget\" data-e-type=\"widget\" data-widget_type=\"text-editor.default\">\n\t\t\t\t<div class=\"elementor-widget-container\">\n\t\t\t\t\t\t\t\t\t<ol>\n<li style=\"font-weight: 400;\" aria-level=\"1\"><b>Collecte des donn\u00e9es :<\/b><span style=\"font-weight: 400;\"> Les donn\u00e9es personnelles sont collect\u00e9es et utilis\u00e9es uniquement \u00e0 des fins de r\u00e9servation et de gestion des services, conform\u00e9ment \u00e0 la l\u00e9gislation chilienne et \u00e0 nos politiques g\u00e9n\u00e9rales.<\/span><\/li>\n<li style=\"font-weight: 400;\" aria-level=\"1\"><b>Utilisation des donn\u00e9es :<\/b><span style=\"font-weight: 400;\"> Les donn\u00e9es seront utilis\u00e9es exclusivement pour traiter les r\u00e9servations, les paiements et la communication avec le client, et ne seront pas partag\u00e9es avec des tiers sans le consentement explicite du client, sauf en cas d&rsquo;exigences l\u00e9gales.<\/span><\/li>\n<li style=\"font-weight: 400;\" aria-level=\"1\"><b>S\u00e9curit\u00e9 des donn\u00e9es :<\/b><span style=\"font-weight: 400;\"> Nous mettons en \u0153uvre des mesures de s\u00e9curit\u00e9 pour prot\u00e9ger les donn\u00e9es \u00e0 caract\u00e8re personnel contre l&rsquo;acc\u00e8s, la modification, la divulgation ou la destruction non autoris\u00e9s.<\/span><\/li>\n<li style=\"font-weight: 400;\" aria-level=\"1\"><b>Droits des clients :<\/b><span style=\"font-weight: 400;\">  Les clients disposent d&rsquo;un droit d&rsquo;acc\u00e8s, de rectification et de suppression de leurs donn\u00e9es personnelles.<br \/>\nPour exercer ces droits, ils peuvent nous contacter via notre service client\u00e8le par e-mail. <\/span><\/li>\n<\/ol>\n<p><b>Conservation des donn\u00e9es :<\/b><span style=\"font-weight: 400;\"> Nous ne conservons les donn\u00e9es \u00e0 caract\u00e8re personnel qu&rsquo;aussi longtemps que n\u00e9cessaire pour atteindre les objectifs pour lesquels elles ont \u00e9t\u00e9 collect\u00e9es, y compris les obligations l\u00e9gales, comptables ou d&rsquo;\u00e9tablissement de rapports.<\/span><\/p>\n\t\t\t\t\t\t\t\t<\/div>\n\t\t\t\t<\/div>\n\t\t\t\t<div class=\"elementor-element elementor-element-18df2a1 elementor-widget elementor-widget-heading\" data-id=\"18df2a1\" data-element_type=\"widget\" data-e-type=\"widget\" data-widget_type=\"heading.default\">\n\t\t\t\t<div class=\"elementor-widget-container\">\n\t\t\t\t\t<h2 class=\"elementor-heading-title elementor-size-default\">Conditions g\u00e9n\u00e9rales d'utilisation<\/h2>\t\t\t\t<\/div>\n\t\t\t\t<\/div>\n\t\t\t\t<div class=\"elementor-element elementor-element-5772c3b elementor-widget__width-initial elementor-widget elementor-widget-text-editor\" data-id=\"5772c3b\" data-element_type=\"widget\" data-e-type=\"widget\" data-widget_type=\"text-editor.default\">\n\t\t\t\t<div class=\"elementor-widget-container\">\n\t\t\t\t\t\t\t\t\t<ol>\n<li style=\"list-style-type: none;\">\n<ol>\n<li style=\"font-weight: 400;\" aria-level=\"1\"><b>R\u00e9servations :<\/b><span style=\"font-weight: 400;\">  Toutes les r\u00e9servations sont soumises \u00e0 disponibilit\u00e9.<br \/>\nLes r\u00e9servations seront confirm\u00e9es \u00e0 la r\u00e9ception du paiement int\u00e9gral. <\/span><\/li>\n<li style=\"font-weight: 400;\" aria-level=\"1\"><b>Paiements :<\/b><span style=\"font-weight: 400;\"> Nous acceptons les paiements par virement bancaire, cartes de cr\u00e9dit et autres m\u00e9thodes \u00e9lectroniques.<\/span><\/li>\n<li style=\"font-weight: 400;\" aria-level=\"1\"><b>Responsabilit\u00e9 :<\/b><span style=\"font-weight: 400;\"> Le Tahai Loft n&rsquo;est pas responsable des pertes, dommages ou blessures subis pendant les excursions ou dans les locaux de l&rsquo;h\u00f4tel, sauf en cas de n\u00e9gligence av\u00e9r\u00e9e de la part de l&rsquo;\u00e9tablissement.<\/span><\/li>\n<li style=\"font-weight: 400;\" aria-level=\"1\"><b>Modifications :<\/b><span style=\"font-weight: 400;\">  Nous nous r\u00e9servons le droit de modifier ces politiques \u00e0 tout moment.<br \/>\nToute modification sera notifi\u00e9e aux clients en temps utile. <\/span><\/li>\n<\/ol>\n<\/li>\n<\/ol>\n<p><span style=\"font-weight: 400;\">Pour toute question ou assistance suppl\u00e9mentaire, veuillez nous contacter par l&rsquo;interm\u00e9diaire de notre service client\u00e8le.<\/span><\/p>\n\t\t\t\t\t\t\t\t<\/div>\n\t\t\t\t<\/div>\n\t\t\t\t\t<\/div>\n\t\t\t\t<\/div>\n\t\t\t\t<\/div>\n\t\t","protected":false},"excerpt":{"rendered":"<p>Politique de protection des donn\u00e9es Collecte des donn\u00e9es : Les donn\u00e9es personnelles sont collect\u00e9es et utilis\u00e9es uniquement \u00e0 des fins [&hellip;]<\/p>\n","protected":false},"author":1,"featured_media":0,"parent":0,"menu_order":0,"comment_status":"closed","ping_status":"closed","template":"elementor_header_footer","meta":{"_acf_changed":false,"site-sidebar-layout":"default","site-content-layout":"","ast-site-content-layout":"default","site-content-style":"default","site-sidebar-style":"default","ast-global-header-display":"","ast-banner-title-visibility":"","ast-main-header-display":"","ast-hfb-above-header-display":"","ast-hfb-below-header-display":"","ast-hfb-mobile-header-display":"","site-post-title":"","ast-breadcrumbs-content":"","ast-featured-img":"","footer-sml-layout":"","ast-disable-related-posts":"","theme-transparent-header-meta":"","adv-header-id-meta":"","stick-header-meta":"","header-above-stick-meta":"","header-main-stick-meta":"","header-below-stick-meta":"","astra-migrate-meta-layouts":"default","ast-page-background-enabled":"default","ast-page-background-meta":{"desktop":{"background-color":"var(--ast-global-color-5)","background-image":"","background-repeat":"repeat","background-position":"center center","background-size":"auto","background-attachment":"scroll","background-type":"","background-media":"","overlay-type":"","overlay-color":"","overlay-opacity":"","overlay-gradient":""},"tablet":{"background-color":"","background-image":"","background-repeat":"repeat","background-position":"center center","background-size":"auto","background-attachment":"scroll","background-type":"","background-media":"","overlay-type":"","overlay-color":"","overlay-opacity":"","overlay-gradient":""},"mobile":{"background-color":"","background-image":"","background-repeat":"repeat","background-position":"center center","background-size":"auto","background-attachment":"scroll","background-type":"","background-media":"","overlay-type":"","overlay-color":"","overlay-opacity":"","overlay-gradient":""}},"ast-content-background-meta":{"desktop":{"background-color":"var(--ast-global-color-4)","background-image":"","background-repeat":"repeat","background-position":"center center","background-size":"auto","background-attachment":"scroll","background-type":"","background-media":"","overlay-type":"","overlay-color":"","overlay-opacity":"","overlay-gradient":""},"tablet":{"background-color":"var(--ast-global-color-4)","background-image":"","background-repeat":"repeat","background-position":"center center","background-size":"auto","background-attachment":"scroll","background-type":"","background-media":"","overlay-type":"","overlay-color":"","overlay-opacity":"","overlay-gradient":""},"mobile":{"background-color":"var(--ast-global-color-4)","background-image":"","background-repeat":"repeat","background-position":"center center","background-size":"auto","background-attachment":"scroll","background-type":"","background-media":"","overlay-type":"","overlay-color":"","overlay-opacity":"","overlay-gradient":""}},"_joinchat":[],"footnotes":""},"class_list":["post-2989","page","type-page","status-publish","hentry"],"acf":[],"_links":{"self":[{"href":"https:\/\/tahailoft.cl\/fr\/wp-json\/wp\/v2\/pages\/2989","targetHints":{"allow":["GET"]}}],"collection":[{"href":"https:\/\/tahailoft.cl\/fr\/wp-json\/wp\/v2\/pages"}],"about":[{"href":"https:\/\/tahailoft.cl\/fr\/wp-json\/wp\/v2\/types\/page"}],"author":[{"embeddable":true,"href":"https:\/\/tahailoft.cl\/fr\/wp-json\/wp\/v2\/users\/1"}],"replies":[{"embeddable":true,"href":"https:\/\/tahailoft.cl\/fr\/wp-json\/wp\/v2\/comments?post=2989"}],"version-history":[{"count":7,"href":"https:\/\/tahailoft.cl\/fr\/wp-json\/wp\/v2\/pages\/2989\/revisions"}],"predecessor-version":[{"id":5468,"href":"https:\/\/tahailoft.cl\/fr\/wp-json\/wp\/v2\/pages\/2989\/revisions\/5468"}],"wp:attachment":[{"href":"https:\/\/tahailoft.cl\/fr\/wp-json\/wp\/v2\/media?parent=2989"}],"curies":[{"name":"wp","href":"https:\/\/api.w.org\/{rel}","templated":true}]}}