{"id":3002,"date":"2024-07-11T18:52:17","date_gmt":"2024-07-11T18:52:17","guid":{"rendered":"https:\/\/tahailoft.cl\/politiques-dannulation-et-de-remboursement\/"},"modified":"2025-06-30T00:16:41","modified_gmt":"2025-06-30T00:16:41","slug":"politiques-dannulation-et-de-remboursement","status":"publish","type":"page","link":"https:\/\/tahailoft.cl\/fr\/politiques-dannulation-et-de-remboursement\/","title":{"rendered":"Politiques d&rsquo;annulation et de remboursement"},"content":{"rendered":"\t\t<div data-elementor-type=\"wp-page\" data-elementor-id=\"3002\" class=\"elementor elementor-3002 elementor-1215\" data-elementor-post-type=\"page\">\n\t\t\t\t\t\t<section class=\"elementor-section elementor-top-section elementor-element elementor-element-77967f8f elementor-section-content-middle elementor-section-height-min-height elementor-section-boxed elementor-section-height-default elementor-section-items-middle\" data-id=\"77967f8f\" data-element_type=\"section\" data-e-type=\"section\" id=\"header_section\" data-settings=\"{&quot;background_background&quot;:&quot;classic&quot;}\">\n\t\t\t\t\t\t\t<div class=\"elementor-background-overlay\"><\/div>\n\t\t\t\t\t\t\t<div class=\"elementor-container elementor-column-gap-no\">\n\t\t\t\t\t<div class=\"elementor-column elementor-col-50 elementor-top-column elementor-element elementor-element-1207f869\" data-id=\"1207f869\" data-element_type=\"column\" data-e-type=\"column\">\n\t\t\t<div class=\"elementor-widget-wrap\">\n\t\t\t\t\t\t\t<\/div>\n\t\t<\/div>\n\t\t\t\t<div class=\"elementor-column elementor-col-50 elementor-top-column elementor-element elementor-element-11d5331a\" data-id=\"11d5331a\" data-element_type=\"column\" data-e-type=\"column\">\n\t\t\t<div class=\"elementor-widget-wrap\">\n\t\t\t\t\t\t\t<\/div>\n\t\t<\/div>\n\t\t\t\t\t<\/div>\n\t\t<\/section>\n\t\t<div class=\"elementor-element elementor-element-841c66b e-flex e-con-boxed e-con e-parent\" data-id=\"841c66b\" data-element_type=\"container\" data-e-type=\"container\">\n\t\t\t\t\t<div class=\"e-con-inner\">\n\t\t\t\t<div class=\"elementor-element elementor-element-10f87fa elementor-widget elementor-widget-heading\" data-id=\"10f87fa\" data-element_type=\"widget\" data-e-type=\"widget\" data-widget_type=\"heading.default\">\n\t\t\t\t<div class=\"elementor-widget-container\">\n\t\t\t\t\t<h1 class=\"elementor-heading-title elementor-size-default\"><br>Politiques d'annulation et de remboursement Tahai Loft<\/h1>\t\t\t\t<\/div>\n\t\t\t\t<\/div>\n\t\t\t\t\t<\/div>\n\t\t\t\t<\/div>\n\t\t<div class=\"elementor-element elementor-element-6a947e3 e-flex e-con-boxed e-con e-parent\" data-id=\"6a947e3\" data-element_type=\"container\" data-e-type=\"container\">\n\t\t\t\t\t<div class=\"e-con-inner\">\n\t\t\t\t<div class=\"elementor-element elementor-element-6f51599 elementor-widget__width-initial elementor-widget elementor-widget-text-editor\" data-id=\"6f51599\" data-element_type=\"widget\" data-e-type=\"widget\" data-widget_type=\"text-editor.default\">\n\t\t\t\t<div class=\"elementor-widget-container\">\n\t\t\t\t\t\t\t\t\t<p><b>Politique d&rsquo;annulation :<\/b><\/p><ol><li style=\"font-weight: 400;\" aria-level=\"1\"><b>Remboursement :<\/b><span style=\"font-weight: 400;\"> Les remboursements ne sont possibles que si l&rsquo;annulation est faite au moins 30 jours avant la date du s\u00e9jour.<\/span><\/li><li style=\"font-weight: 400;\" aria-level=\"1\"><b>Annulations tardives :<\/b><span style=\"font-weight: 400;\"> Les annulations effectu\u00e9es moins de 30 jours \u00e0 l&rsquo;avance ne seront pas rembours\u00e9es et 100 % du co\u00fbt du s\u00e9jour sera factur\u00e9.<\/span><\/li><li style=\"font-weight: 400;\" aria-level=\"1\"><b>Changement de date :<\/b><span style=\"font-weight: 400;\"> La modification de la date du s\u00e9jour est autoris\u00e9e, sous r\u00e9serve de disponibilit\u00e9 et du paiement de la diff\u00e9rence de prix \u00e9ventuelle.<\/span><\/li><\/ol><p><b>Politiques de paiement pour les transferts et les visites :<\/b><\/p><ol><li style=\"font-weight: 400;\" aria-level=\"1\"><b>Annulations et remboursements :<\/b><span style=\"font-weight: 400;\"> Les transferts et les excursions peuvent \u00eatre annul\u00e9s avec un pr\u00e9avis d&rsquo;au moins 24 heures avant la date pr\u00e9vue et donner lieu \u00e0 un remboursement int\u00e9gral.<\/span><\/li><li style=\"font-weight: 400;\" aria-level=\"1\"><b>Paiements :<\/b><span style=\"font-weight: 400;\"> Les transferts et les excursions peuvent \u00eatre annul\u00e9s au moment du d\u00e9part ou pay\u00e9s avant le s\u00e9jour.<\/span><\/li><li style=\"font-weight: 400;\" aria-level=\"1\"><b>Diff\u00e9rences de prix :<\/b><span style=\"font-weight: 400;\"> En cas de diff\u00e9rence de prix entre diff\u00e9rentes plateformes et le prix pay\u00e9, notre valeur s&rsquo;appliquera, \u00e0 moins que la r\u00e9servation n&rsquo;ait \u00e9t\u00e9 effectu\u00e9e directement par le biais d&rsquo;une autre plateforme.<\/span><\/li><\/ol><p><b>Responsabilit\u00e9 pour les services ext\u00e9rieurs :<\/b><\/p><ol><li style=\"font-weight: 400;\" aria-level=\"1\"><span style=\"font-weight: 400;\">Tahai Loft n&rsquo;est pas responsable des charges ou des frais li\u00e9s \u00e0 des services externes.<\/span><\/li><\/ol>\t\t\t\t\t\t\t\t<\/div>\n\t\t\t\t<\/div>\n\t\t\t\t\t<\/div>\n\t\t\t\t<\/div>\n\t\t\t\t<\/div>\n\t\t","protected":false},"excerpt":{"rendered":"<p>Politiques d&rsquo;annulation et de remboursement Tahai Loft Politique d&rsquo;annulation : Remboursement : Les remboursements ne sont possibles que si l&rsquo;annulation [&hellip;]<\/p>\n","protected":false},"author":1,"featured_media":0,"parent":0,"menu_order":0,"comment_status":"closed","ping_status":"closed","template":"elementor_header_footer","meta":{"_acf_changed":false,"site-sidebar-layout":"default","site-content-layout":"","ast-site-content-layout":"default","site-content-style":"default","site-sidebar-style":"default","ast-global-header-display":"","ast-banner-title-visibility":"","ast-main-header-display":"","ast-hfb-above-header-display":"","ast-hfb-below-header-display":"","ast-hfb-mobile-header-display":"","site-post-title":"","ast-breadcrumbs-content":"","ast-featured-img":"","footer-sml-layout":"","ast-disable-related-posts":"","theme-transparent-header-meta":"","adv-header-id-meta":"","stick-header-meta":"","header-above-stick-meta":"","header-main-stick-meta":"","header-below-stick-meta":"","astra-migrate-meta-layouts":"default","ast-page-background-enabled":"default","ast-page-background-meta":{"desktop":{"background-color":"var(--ast-global-color-5)","background-image":"","background-repeat":"repeat","background-position":"center center","background-size":"auto","background-attachment":"scroll","background-type":"","background-media":"","overlay-type":"","overlay-color":"","overlay-opacity":"","overlay-gradient":""},"tablet":{"background-color":"","background-image":"","background-repeat":"repeat","background-position":"center center","background-size":"auto","background-attachment":"scroll","background-type":"","background-media":"","overlay-type":"","overlay-color":"","overlay-opacity":"","overlay-gradient":""},"mobile":{"background-color":"","background-image":"","background-repeat":"repeat","background-position":"center center","background-size":"auto","background-attachment":"scroll","background-type":"","background-media":"","overlay-type":"","overlay-color":"","overlay-opacity":"","overlay-gradient":""}},"ast-content-background-meta":{"desktop":{"background-color":"var(--ast-global-color-4)","background-image":"","background-repeat":"repeat","background-position":"center center","background-size":"auto","background-attachment":"scroll","background-type":"","background-media":"","overlay-type":"","overlay-color":"","overlay-opacity":"","overlay-gradient":""},"tablet":{"background-color":"var(--ast-global-color-4)","background-image":"","background-repeat":"repeat","background-position":"center center","background-size":"auto","background-attachment":"scroll","background-type":"","background-media":"","overlay-type":"","overlay-color":"","overlay-opacity":"","overlay-gradient":""},"mobile":{"background-color":"var(--ast-global-color-4)","background-image":"","background-repeat":"repeat","background-position":"center center","background-size":"auto","background-attachment":"scroll","background-type":"","background-media":"","overlay-type":"","overlay-color":"","overlay-opacity":"","overlay-gradient":""}},"_joinchat":[],"footnotes":""},"class_list":["post-3002","page","type-page","status-publish","hentry"],"acf":[],"_links":{"self":[{"href":"https:\/\/tahailoft.cl\/fr\/wp-json\/wp\/v2\/pages\/3002","targetHints":{"allow":["GET"]}}],"collection":[{"href":"https:\/\/tahailoft.cl\/fr\/wp-json\/wp\/v2\/pages"}],"about":[{"href":"https:\/\/tahailoft.cl\/fr\/wp-json\/wp\/v2\/types\/page"}],"author":[{"embeddable":true,"href":"https:\/\/tahailoft.cl\/fr\/wp-json\/wp\/v2\/users\/1"}],"replies":[{"embeddable":true,"href":"https:\/\/tahailoft.cl\/fr\/wp-json\/wp\/v2\/comments?post=3002"}],"version-history":[{"count":8,"href":"https:\/\/tahailoft.cl\/fr\/wp-json\/wp\/v2\/pages\/3002\/revisions"}],"predecessor-version":[{"id":5465,"href":"https:\/\/tahailoft.cl\/fr\/wp-json\/wp\/v2\/pages\/3002\/revisions\/5465"}],"wp:attachment":[{"href":"https:\/\/tahailoft.cl\/fr\/wp-json\/wp\/v2\/media?parent=3002"}],"curies":[{"name":"wp","href":"https:\/\/api.w.org\/{rel}","templated":true}]}}